{"id":16,"date":"2017-06-02T10:38:40","date_gmt":"2017-06-02T08:38:40","guid":{"rendered":"http:\/\/www.action-securite.com\/accueil\/?page_id=7"},"modified":"2024-04-04T16:14:54","modified_gmt":"2024-04-04T14:14:54","slug":"accueil","status":"publish","type":"page","link":"https:\/\/www.action-securite.com\/accueil\/","title":{"rendered":"ACCUEIL"},"content":{"rendered":"<section class=\"wpb-content-wrapper\">[vc_row][vc_column][mk_padding_divider size=\u00a0\u00bb80&Prime;][vc_row_inner][vc_column_inner width=\u00a0\u00bb1\/4&Prime;][\/vc_column_inner][vc_column_inner width=\u00a0\u00bb1\/2&Prime;][mk_image src=\u00a0\u00bbhttps:\/\/www.action-securite.com\/accueil\/wp-content\/uploads\/2023\/04\/logo-as-2022-couv-fb.jpg\u00a0\u00bb image_size=\u00a0\u00bbfull\u00a0\u00bb align=\u00a0\u00bbcenter\u00a0\u00bb][\/vc_column_inner][vc_column_inner width=\u00a0\u00bb1\/4&Prime;][\/vc_column_inner][\/vc_row_inner][mk_padding_divider size=\u00a0\u00bb80&Prime;][\/vc_column][\/vc_row][vc_row fullwidth=\u00a0\u00bbtrue\u00a0\u00bb][vc_column][vc_row_inner css=\u00a0\u00bb.vc_custom_1505916015051{background-color: #868686 !important;}\u00a0\u00bb][vc_column_inner width=\u00a0\u00bb1\/4&Prime;][\/vc_column_inner][vc_column_inner width=\u00a0\u00bb1\/2&Prime;][vc_column_text align=\u00a0\u00bbcenter\u00a0\u00bb el_class=\u00a0\u00bbselection\u00a0\u00bb]\n<p style=\"text-align: center;\">S\u00e9lectionnez ci-dessous le site que vous souhaitez visiter<\/p>\n[\/vc_column_text][\/vc_column_inner][vc_column_inner width=\u00a0\u00bb1\/4&Prime;][\/vc_column_inner][\/vc_row_inner][vc_row_inner css=\u00a0\u00bb.vc_custom_1505997261832{padding-top: 20px !important;background-color: #e0e0e0 !important;}\u00a0\u00bb][vc_column_inner width=\u00a0\u00bb1\/3&Prime; css=\u00a0\u00bb.vc_custom_1505997225017{padding-bottom: 20px !important;}\u00a0\u00bb][vc_column_text css=\u00a0\u00bb.vc_custom_1631543940164{margin-bottom: 0px !important;}\u00a0\u00bb]<a href=\"https:\/\/www.action-securite.com\/incendie\/\" class=\"cl-ib animation_melete ratio_3x2 align_center with_title with_desc cl_custom_css_1\" style=\"width:100%;background-color:#dd9933;color:#ffffff;\"><div class=\"cl-ib-h easing_ease\"><div class=\"cl-ib-image\" style=\"background-image: url(https:\/\/www.action-securite.com\/accueil\/wp-content\/uploads\/2021\/08\/vignette-action-securite-incendie-v2.2.jpg)\"><img loading=\"lazy\" decoding=\"async\" src=\"https:\/\/www.action-securite.com\/accueil\/wp-content\/uploads\/2021\/08\/vignette-action-securite-incendie-v2.2.jpg\" width=\"600\" height=\"407\"  alt=\"ACTION S\u00c9CURIT\u00c9 INCENDIE\" \/><\/div><div class=\"cl-ib-content\"><div class=\"cl-ib-content-h\"><h2 class=\"cl-ib-title\" style=\"font-size:30px;\">ACTION S\u00c9CURIT\u00c9 INCENDIE<\/h2><div class=\"cl-ib-desc\">UNE \u00c9QUIPE DE FORMATEURS EXPERTS, DU MAT\u00c9RIEL P\u00c9DAGOGIQUE DE QUALIT\u00c9 FONT DE NOTRE CENTRE LE PARTENAIRE ID\u00c9AL POUR VOS BESOINS EN FORMATION.<\/p>\n<p>Cliquez pour visiter ce site.<\/div><\/div><\/div><\/div><\/a><style type=\"text\/css\">@media only screen and (max-width: 599px) {.cl_custom_css_1 .cl-ib-title { font-size:24px !important; }}<\/style>[\/vc_column_text][\/vc_column_inner][vc_column_inner width=\u00a0\u00bb1\/3&Prime; css=\u00a0\u00bb.vc_custom_1505997240496{padding-bottom: 20px !important;}\u00a0\u00bb][vc_column_text css=\u00a0\u00bb.vc_custom_1624265888234{margin-bottom: 0px !important;}\u00a0\u00bb]<a href=\"https:\/\/www.action-securite.com\/gardiennage\/\" class=\"cl-ib animation_melete ratio_3x2 align_center with_title with_desc cl_custom_css_2\" style=\"width:100%;background-color:#be1622;color:#ffffff;\"><div class=\"cl-ib-h easing_ease\"><div class=\"cl-ib-image\" style=\"background-image: url(https:\/\/www.action-securite.com\/accueil\/wp-content\/uploads\/2017\/06\/vignette-action-securite-gardiennage-v2-1.jpg)\"><img loading=\"lazy\" decoding=\"async\" src=\"https:\/\/www.action-securite.com\/accueil\/wp-content\/uploads\/2017\/06\/vignette-action-securite-gardiennage-v2-1.jpg\" width=\"600\" height=\"407\"  alt=\"ACTION S\u00c9CURIT\u00c9 GARDIENNAGE\" \/><\/div><div class=\"cl-ib-content\"><div class=\"cl-ib-content-h\"><h2 class=\"cl-ib-title\" style=\"font-size:30px;\">ACTION S\u00c9CURIT\u00c9 GARDIENNAGE<\/h2><div class=\"cl-ib-desc\">DEPUIS 20 ANS, NOTRE SOCI\u00c9T\u00c9 PROT\u00c8GE ET SURVEILLE LES SITES COMMERCIAUX, INDUSTRIELS, TOURISTIQUES ET \u00c9V\u00c9NEMENTIELS DANS LES LANDES ET LE PAYS BASQUE.<\/p>\n<p>Cliquez pour visiter ce site.<\/div><\/div><\/div><\/div><\/a><style type=\"text\/css\">@media only screen and (max-width: 599px) {.cl_custom_css_2 .cl-ib-title { font-size:24px !important; }}<\/style>[\/vc_column_text][\/vc_column_inner][vc_column_inner width=\u00a0\u00bb1\/3&Prime;][vc_column_text css=\u00a0\u00bb.vc_custom_1621332778393{margin-bottom: 0px !important;}\u00a0\u00bb]<a href=\"https:\/\/rbca-systems.com\/\" class=\"cl-ib animation_melete ratio_3x2 align_center with_title with_desc cl_custom_css_3\" style=\"width:100%;background-color:#be1622;color:#ffffff;\"><div class=\"cl-ib-h easing_ease\"><div class=\"cl-ib-image\" style=\"background-image: url(https:\/\/www.action-securite.com\/accueil\/wp-content\/uploads\/2019\/11\/ecommerce-site-as.jpg)\"><img loading=\"lazy\" decoding=\"async\" src=\"https:\/\/www.action-securite.com\/accueil\/wp-content\/uploads\/2019\/11\/ecommerce-site-as.jpg\" width=\"600\" height=\"407\"  alt=\"Boutique RBCA systems\" \/><\/div><div class=\"cl-ib-content\"><div class=\"cl-ib-content-h\"><h2 class=\"cl-ib-title\" style=\"font-size:30px;\">Boutique RBCA systems<\/h2><div class=\"cl-ib-desc\">La marque RBCA Systems distribue des syst\u00e8mes de s\u00e9curit\u00e9 et objets connect\u00e9s pour la maison.<\/p>\n<p>Cliquez pour visiter la boutique.<\/div><\/div><\/div><\/div><\/a><style type=\"text\/css\">@media only screen and (max-width: 599px) {.cl_custom_css_3 .cl-ib-title { font-size:24px !important; }}<\/style>[\/vc_column_text][\/vc_column_inner][\/vc_row_inner][\/vc_column][\/vc_row][vc_row][vc_column][mk_padding_divider size=\u00a0\u00bb32&Prime;][\/vc_column][\/vc_row]\n<\/section>","protected":false},"excerpt":{"rendered":"<p>[vc_row][vc_column][mk_padding_divider size=\u00a0\u00bb80&Prime;][vc_row_inner][vc_column_inner width=\u00a0\u00bb1\/4&Prime;][\/vc_column_inner][vc_column_inner width=\u00a0\u00bb1\/2&Prime;][mk_image src=\u00a0\u00bbhttps:\/\/www.action-securite.com\/accueil\/wp-content\/uploads\/2023\/04\/logo-as-2022-couv-fb.jpg\u00a0\u00bb image_size=\u00a0\u00bbfull\u00a0\u00bb align=\u00a0\u00bbcenter\u00a0\u00bb][\/vc_column_inner][vc_column_inner width=\u00a0\u00bb1\/4&Prime;][\/vc_column_inner][\/vc_row_inner][mk_padding_divider size=\u00a0\u00bb80&Prime;][\/vc_column][\/vc_row][vc_row fullwidth=\u00a0\u00bbtrue\u00a0\u00bb][vc_column][vc_row_inner css=\u00a0\u00bb.vc_custom_1505916015051{background-color: #868686 !important;}\u00a0\u00bb][vc_column_inner width=\u00a0\u00bb1\/4&Prime;][\/vc_column_inner][vc_column_inner width=\u00a0\u00bb1\/2&Prime;][vc_column_text align=\u00a0\u00bbcenter\u00a0\u00bb el_class=\u00a0\u00bbselection\u00a0\u00bb] S\u00e9lectionnez ci-dessous le site que vous souhaitez visiter [\/vc_column_text][\/vc_column_inner][vc_column_inner width=\u00a0\u00bb1\/4&Prime;][\/vc_column_inner][\/vc_row_inner][vc_row_inner css=\u00a0\u00bb.vc_custom_1505997261832{padding-top: 20px !important;background-color: #e0e0e0 !important;}\u00a0\u00bb][vc_column_inner width=\u00a0\u00bb1\/3&Prime; css=\u00a0\u00bb.vc_custom_1505997225017{padding-bottom: 20px !important;}\u00a0\u00bb][vc_column_text css=\u00a0\u00bb.vc_custom_1631543940164{margin-bottom: 0px !important;}\u00a0\u00bb][\/vc_column_text][\/vc_column_inner][vc_column_inner width=\u00a0\u00bb1\/3&Prime; css=\u00a0\u00bb.vc_custom_1505997240496{padding-bottom: 20px !important;}\u00a0\u00bb][vc_column_text css=\u00a0\u00bb.vc_custom_1624265888234{margin-bottom: 0px !important;}\u00a0\u00bb][\/vc_column_text][\/vc_column_inner][vc_column_inner width=\u00a0\u00bb1\/3&Prime;][vc_column_text css=\u00a0\u00bb.vc_custom_1621332778393{margin-bottom: 0px !important;}\u00a0\u00bb][\/vc_column_text][\/vc_column_inner][\/vc_row_inner][\/vc_column][\/vc_row][vc_row][vc_column][mk_padding_divider size=\u00a0\u00bb32&Prime;][\/vc_column][\/vc_row]<\/p>\n","protected":false},"author":1,"featured_media":0,"parent":0,"menu_order":0,"comment_status":"closed","ping_status":"closed","template":"","meta":{"footnotes":""},"class_list":["post-16","page","type-page","status-publish","hentry"],"yoast_head":"<!-- This site is optimized with the Yoast SEO plugin v20.0 - https:\/\/yoast.com\/wordpress\/plugins\/seo\/ -->\n<title>Action s\u00e9curit\u00e9 - Formation - Angoum\u00e9 - Landes<\/title>\n<meta name=\"description\" content=\"Action s\u00e9curit\u00e9, c&#039;est 3 soci\u00e9t\u00e9s sp\u00e9cialis\u00e9es en formation, gardiennage et t\u00e9l\u00e9surveillance dans les Landes et le Pays Basque.\" \/>\n<meta name=\"robots\" content=\"index, follow, max-snippet:-1, max-image-preview:large, max-video-preview:-1\" \/>\n<link rel=\"canonical\" href=\"https:\/\/www.action-securite.com\/accueil\/\" \/>\n<meta property=\"og:locale\" content=\"fr_FR\" \/>\n<meta property=\"og:type\" content=\"article\" \/>\n<meta property=\"og:title\" content=\"Action s\u00e9curit\u00e9 - Formation - Angoum\u00e9 - Landes\" \/>\n<meta property=\"og:description\" content=\"Action s\u00e9curit\u00e9, c&#039;est 3 soci\u00e9t\u00e9s sp\u00e9cialis\u00e9es en formation, gardiennage et t\u00e9l\u00e9surveillance dans les Landes et le Pays Basque.\" \/>\n<meta property=\"og:url\" content=\"https:\/\/www.action-securite.com\/accueil\/\" \/>\n<meta property=\"og:site_name\" content=\"Action S\u00e9curit\u00e9\" \/>\n<meta property=\"article:modified_time\" content=\"2024-04-04T14:14:54+00:00\" \/>\n<meta name=\"twitter:card\" content=\"summary_large_image\" \/>\n<meta name=\"twitter:label1\" content=\"Dur\u00e9e de lecture estim\u00e9e\" \/>\n\t<meta name=\"twitter:data1\" content=\"1 minute\" \/>\n<script type=\"application\/ld+json\" class=\"yoast-schema-graph\">{\"@context\":\"https:\/\/schema.org\",\"@graph\":[{\"@type\":\"WebPage\",\"@id\":\"https:\/\/www.action-securite.com\/accueil\/\",\"url\":\"https:\/\/www.action-securite.com\/accueil\/\",\"name\":\"Action s\u00e9curit\u00e9 - Formation - Angoum\u00e9 - Landes\",\"isPartOf\":{\"@id\":\"https:\/\/www.action-securite.com\/accueil\/#website\"},\"datePublished\":\"2017-06-02T08:38:40+00:00\",\"dateModified\":\"2024-04-04T14:14:54+00:00\",\"description\":\"Action s\u00e9curit\u00e9, c'est 3 soci\u00e9t\u00e9s sp\u00e9cialis\u00e9es en formation, gardiennage et t\u00e9l\u00e9surveillance dans les Landes et le Pays Basque.\",\"breadcrumb\":{\"@id\":\"https:\/\/www.action-securite.com\/accueil\/#breadcrumb\"},\"inLanguage\":\"fr-FR\",\"potentialAction\":[{\"@type\":\"ReadAction\",\"target\":[\"https:\/\/www.action-securite.com\/accueil\/\"]}]},{\"@type\":\"BreadcrumbList\",\"@id\":\"https:\/\/www.action-securite.com\/accueil\/#breadcrumb\",\"itemListElement\":[{\"@type\":\"ListItem\",\"position\":1,\"name\":\"Accueil\",\"item\":\"https:\/\/www.action-securite.com\/accueil\/\"},{\"@type\":\"ListItem\",\"position\":2,\"name\":\"ACCUEIL\"}]},{\"@type\":\"WebSite\",\"@id\":\"https:\/\/www.action-securite.com\/accueil\/#website\",\"url\":\"https:\/\/www.action-securite.com\/accueil\/\",\"name\":\"Action S\u00e9curit\u00e9\",\"description\":\"Formation - Gardiennage - T\u00e9l\u00e9surveillance - Landes \/ Angoum\u00e9\",\"publisher\":{\"@id\":\"https:\/\/www.action-securite.com\/accueil\/#organization\"},\"potentialAction\":[{\"@type\":\"SearchAction\",\"target\":{\"@type\":\"EntryPoint\",\"urlTemplate\":\"https:\/\/www.action-securite.com\/accueil\/?s={search_term_string}\"},\"query-input\":\"required name=search_term_string\"}],\"inLanguage\":\"fr-FR\"},{\"@type\":\"Organization\",\"@id\":\"https:\/\/www.action-securite.com\/accueil\/#organization\",\"name\":\"Action S\u00e9curite\",\"url\":\"https:\/\/www.action-securite.com\/accueil\/\",\"logo\":{\"@type\":\"ImageObject\",\"inLanguage\":\"fr-FR\",\"@id\":\"https:\/\/www.action-securite.com\/accueil\/#\/schema\/logo\/image\/\",\"url\":\"https:\/\/www.action-securite.com\/accueil\/wp-content\/uploads\/2017\/06\/logos-action-securite-1.png\",\"contentUrl\":\"https:\/\/www.action-securite.com\/accueil\/wp-content\/uploads\/2017\/06\/logos-action-securite-1.png\",\"width\":800,\"height\":116,\"caption\":\"Action S\u00e9curite\"},\"image\":{\"@id\":\"https:\/\/www.action-securite.com\/accueil\/#\/schema\/logo\/image\/\"}}]}<\/script>\n<!-- \/ Yoast SEO plugin. -->","yoast_head_json":{"title":"Action s\u00e9curit\u00e9 - Formation - Angoum\u00e9 - Landes","description":"Action s\u00e9curit\u00e9, c'est 3 soci\u00e9t\u00e9s sp\u00e9cialis\u00e9es en formation, gardiennage et t\u00e9l\u00e9surveillance dans les Landes et le Pays Basque.","robots":{"index":"index","follow":"follow","max-snippet":"max-snippet:-1","max-image-preview":"max-image-preview:large","max-video-preview":"max-video-preview:-1"},"canonical":"https:\/\/www.action-securite.com\/accueil\/","og_locale":"fr_FR","og_type":"article","og_title":"Action s\u00e9curit\u00e9 - Formation - Angoum\u00e9 - Landes","og_description":"Action s\u00e9curit\u00e9, c'est 3 soci\u00e9t\u00e9s sp\u00e9cialis\u00e9es en formation, gardiennage et t\u00e9l\u00e9surveillance dans les Landes et le Pays Basque.","og_url":"https:\/\/www.action-securite.com\/accueil\/","og_site_name":"Action S\u00e9curit\u00e9","article_modified_time":"2024-04-04T14:14:54+00:00","twitter_card":"summary_large_image","twitter_misc":{"Dur\u00e9e de lecture estim\u00e9e":"1 minute"},"schema":{"@context":"https:\/\/schema.org","@graph":[{"@type":"WebPage","@id":"https:\/\/www.action-securite.com\/accueil\/","url":"https:\/\/www.action-securite.com\/accueil\/","name":"Action s\u00e9curit\u00e9 - Formation - Angoum\u00e9 - Landes","isPartOf":{"@id":"https:\/\/www.action-securite.com\/accueil\/#website"},"datePublished":"2017-06-02T08:38:40+00:00","dateModified":"2024-04-04T14:14:54+00:00","description":"Action s\u00e9curit\u00e9, c'est 3 soci\u00e9t\u00e9s sp\u00e9cialis\u00e9es en formation, gardiennage et t\u00e9l\u00e9surveillance dans les Landes et le Pays Basque.","breadcrumb":{"@id":"https:\/\/www.action-securite.com\/accueil\/#breadcrumb"},"inLanguage":"fr-FR","potentialAction":[{"@type":"ReadAction","target":["https:\/\/www.action-securite.com\/accueil\/"]}]},{"@type":"BreadcrumbList","@id":"https:\/\/www.action-securite.com\/accueil\/#breadcrumb","itemListElement":[{"@type":"ListItem","position":1,"name":"Accueil","item":"https:\/\/www.action-securite.com\/accueil\/"},{"@type":"ListItem","position":2,"name":"ACCUEIL"}]},{"@type":"WebSite","@id":"https:\/\/www.action-securite.com\/accueil\/#website","url":"https:\/\/www.action-securite.com\/accueil\/","name":"Action S\u00e9curit\u00e9","description":"Formation - Gardiennage - T\u00e9l\u00e9surveillance - Landes \/ Angoum\u00e9","publisher":{"@id":"https:\/\/www.action-securite.com\/accueil\/#organization"},"potentialAction":[{"@type":"SearchAction","target":{"@type":"EntryPoint","urlTemplate":"https:\/\/www.action-securite.com\/accueil\/?s={search_term_string}"},"query-input":"required name=search_term_string"}],"inLanguage":"fr-FR"},{"@type":"Organization","@id":"https:\/\/www.action-securite.com\/accueil\/#organization","name":"Action S\u00e9curite","url":"https:\/\/www.action-securite.com\/accueil\/","logo":{"@type":"ImageObject","inLanguage":"fr-FR","@id":"https:\/\/www.action-securite.com\/accueil\/#\/schema\/logo\/image\/","url":"https:\/\/www.action-securite.com\/accueil\/wp-content\/uploads\/2017\/06\/logos-action-securite-1.png","contentUrl":"https:\/\/www.action-securite.com\/accueil\/wp-content\/uploads\/2017\/06\/logos-action-securite-1.png","width":800,"height":116,"caption":"Action S\u00e9curite"},"image":{"@id":"https:\/\/www.action-securite.com\/accueil\/#\/schema\/logo\/image\/"}}]}},"_links":{"self":[{"href":"https:\/\/www.action-securite.com\/accueil\/wp-json\/wp\/v2\/pages\/16","targetHints":{"allow":["GET"]}}],"collection":[{"href":"https:\/\/www.action-securite.com\/accueil\/wp-json\/wp\/v2\/pages"}],"about":[{"href":"https:\/\/www.action-securite.com\/accueil\/wp-json\/wp\/v2\/types\/page"}],"author":[{"embeddable":true,"href":"https:\/\/www.action-securite.com\/accueil\/wp-json\/wp\/v2\/users\/1"}],"replies":[{"embeddable":true,"href":"https:\/\/www.action-securite.com\/accueil\/wp-json\/wp\/v2\/comments?post=16"}],"version-history":[{"count":8,"href":"https:\/\/www.action-securite.com\/accueil\/wp-json\/wp\/v2\/pages\/16\/revisions"}],"predecessor-version":[{"id":665,"href":"https:\/\/www.action-securite.com\/accueil\/wp-json\/wp\/v2\/pages\/16\/revisions\/665"}],"wp:attachment":[{"href":"https:\/\/www.action-securite.com\/accueil\/wp-json\/wp\/v2\/media?parent=16"}],"curies":[{"name":"wp","href":"https:\/\/api.w.org\/{rel}","templated":true}]}}