{"id":1004,"date":"2017-07-27T11:53:00","date_gmt":"2017-07-27T09:53:00","guid":{"rendered":"http:\/\/www.action-securite.com\/incendie\/calendar\/"},"modified":"2017-07-27T11:53:00","modified_gmt":"2017-07-27T09:53:00","slug":"calendrier-des-formations","status":"publish","type":"page","link":"https:\/\/www.action-securite.com\/incendie\/calendrier-des-formations\/","title":{"rendered":"Calendrier des formations"},"content":{"rendered":"","protected":false},"excerpt":{"rendered":"","protected":false},"author":1,"featured_media":0,"parent":0,"menu_order":0,"comment_status":"closed","ping_status":"closed","template":"","meta":{"footnotes":""},"class_list":["post-1004","page","type-page","status-publish","hentry"],"yoast_head":"<!-- This site is optimized with the Yoast SEO plugin v27.1.1 - https:\/\/yoast.com\/product\/yoast-seo-wordpress\/ -->\n<title>Calendrier des formations - Action S\u00e9curit\u00e9 Incendie<\/title>\n<meta name=\"description\" content=\"Calendrier des formations programm\u00e9es par le centre Action S\u00e9curit\u00e9 Incendie, centre de formation s\u00e9curit\u00e9, pr\u00e9vention et incendie.\" \/>\n<meta name=\"robots\" content=\"index, follow, max-snippet:-1, max-image-preview:large, max-video-preview:-1\" \/>\n<link rel=\"canonical\" href=\"https:\/\/www.action-securite.com\/incendie\/calendrier-des-formations\/\" \/>\n<meta property=\"og:locale\" content=\"fr_FR\" \/>\n<meta property=\"og:type\" content=\"article\" \/>\n<meta property=\"og:title\" content=\"Calendrier des formations - Action S\u00e9curit\u00e9 Incendie\" \/>\n<meta property=\"og:description\" content=\"Calendrier des formations programm\u00e9es par le centre Action S\u00e9curit\u00e9 Incendie, centre de formation s\u00e9curit\u00e9, pr\u00e9vention et incendie.\" \/>\n<meta property=\"og:url\" content=\"https:\/\/www.action-securite.com\/incendie\/calendrier-des-formations\/\" \/>\n<meta property=\"og:site_name\" content=\"Action S\u00e9curit\u00e9 Incendie\" \/>\n<meta property=\"article:publisher\" content=\"https:\/\/www.facebook.com\/ActionSecuriteIncendie\" \/>\n<meta name=\"twitter:card\" content=\"summary_large_image\" \/>\n<script type=\"application\/ld+json\" class=\"yoast-schema-graph\">{\"@context\":\"https:\/\/schema.org\",\"@graph\":[{\"@type\":\"WebPage\",\"@id\":\"https:\/\/www.action-securite.com\/incendie\/calendrier-des-formations\/\",\"url\":\"https:\/\/www.action-securite.com\/incendie\/calendrier-des-formations\/\",\"name\":\"Calendrier des formations - Action S\u00e9curit\u00e9 Incendie\",\"isPartOf\":{\"@id\":\"https:\/\/www.action-securite.com\/incendie\/#website\"},\"datePublished\":\"2017-07-27T09:53:00+00:00\",\"description\":\"Calendrier des formations programm\u00e9es par le centre Action S\u00e9curit\u00e9 Incendie, centre de formation s\u00e9curit\u00e9, pr\u00e9vention et incendie.\",\"breadcrumb\":{\"@id\":\"https:\/\/www.action-securite.com\/incendie\/calendrier-des-formations\/#breadcrumb\"},\"inLanguage\":\"fr-FR\",\"potentialAction\":[{\"@type\":\"ReadAction\",\"target\":[\"https:\/\/www.action-securite.com\/incendie\/calendrier-des-formations\/\"]}]},{\"@type\":\"BreadcrumbList\",\"@id\":\"https:\/\/www.action-securite.com\/incendie\/calendrier-des-formations\/#breadcrumb\",\"itemListElement\":[{\"@type\":\"ListItem\",\"position\":1,\"name\":\"Accueil\",\"item\":\"https:\/\/www.action-securite.com\/incendie\/\"},{\"@type\":\"ListItem\",\"position\":2,\"name\":\"Calendrier des formations\"}]},{\"@type\":\"WebSite\",\"@id\":\"https:\/\/www.action-securite.com\/incendie\/#website\",\"url\":\"https:\/\/www.action-securite.com\/incendie\/\",\"name\":\"Action S\u00e9curit\u00e9 Incendie\",\"description\":\"Centre de formation S\u00e9cutit\u00e9\/Pr\u00e9vention\/Incendie\/Electricit\u00e9 - Landes\/Angoum\u00e9\",\"publisher\":{\"@id\":\"https:\/\/www.action-securite.com\/incendie\/#organization\"},\"potentialAction\":[{\"@type\":\"SearchAction\",\"target\":{\"@type\":\"EntryPoint\",\"urlTemplate\":\"https:\/\/www.action-securite.com\/incendie\/?s={search_term_string}\"},\"query-input\":{\"@type\":\"PropertyValueSpecification\",\"valueRequired\":true,\"valueName\":\"search_term_string\"}}],\"inLanguage\":\"fr-FR\"},{\"@type\":\"Organization\",\"@id\":\"https:\/\/www.action-securite.com\/incendie\/#organization\",\"name\":\"Action S\u00e9curit\u00e9 Incendie\",\"url\":\"https:\/\/www.action-securite.com\/incendie\/\",\"logo\":{\"@type\":\"ImageObject\",\"inLanguage\":\"fr-FR\",\"@id\":\"https:\/\/www.action-securite.com\/incendie\/#\/schema\/logo\/image\/\",\"url\":\"https:\/\/www.action-securite.com\/incendie\/wp-content\/uploads\/2021\/06\/logos-action-securite-incendie-footer.png\",\"contentUrl\":\"https:\/\/www.action-securite.com\/incendie\/wp-content\/uploads\/2021\/06\/logos-action-securite-incendie-footer.png\",\"width\":365,\"height\":140,\"caption\":\"Action S\u00e9curit\u00e9 Incendie\"},\"image\":{\"@id\":\"https:\/\/www.action-securite.com\/incendie\/#\/schema\/logo\/image\/\"},\"sameAs\":[\"https:\/\/www.facebook.com\/ActionSecuriteIncendie\"]}]}<\/script>\n<!-- \/ Yoast SEO plugin. -->","yoast_head_json":{"title":"Calendrier des formations - Action S\u00e9curit\u00e9 Incendie","description":"Calendrier des formations programm\u00e9es par le centre Action S\u00e9curit\u00e9 Incendie, centre de formation s\u00e9curit\u00e9, pr\u00e9vention et incendie.","robots":{"index":"index","follow":"follow","max-snippet":"max-snippet:-1","max-image-preview":"max-image-preview:large","max-video-preview":"max-video-preview:-1"},"canonical":"https:\/\/www.action-securite.com\/incendie\/calendrier-des-formations\/","og_locale":"fr_FR","og_type":"article","og_title":"Calendrier des formations - Action S\u00e9curit\u00e9 Incendie","og_description":"Calendrier des formations programm\u00e9es par le centre Action S\u00e9curit\u00e9 Incendie, centre de formation s\u00e9curit\u00e9, pr\u00e9vention et incendie.","og_url":"https:\/\/www.action-securite.com\/incendie\/calendrier-des-formations\/","og_site_name":"Action S\u00e9curit\u00e9 Incendie","article_publisher":"https:\/\/www.facebook.com\/ActionSecuriteIncendie","twitter_card":"summary_large_image","schema":{"@context":"https:\/\/schema.org","@graph":[{"@type":"WebPage","@id":"https:\/\/www.action-securite.com\/incendie\/calendrier-des-formations\/","url":"https:\/\/www.action-securite.com\/incendie\/calendrier-des-formations\/","name":"Calendrier des formations - Action S\u00e9curit\u00e9 Incendie","isPartOf":{"@id":"https:\/\/www.action-securite.com\/incendie\/#website"},"datePublished":"2017-07-27T09:53:00+00:00","description":"Calendrier des formations programm\u00e9es par le centre Action S\u00e9curit\u00e9 Incendie, centre de formation s\u00e9curit\u00e9, pr\u00e9vention et incendie.","breadcrumb":{"@id":"https:\/\/www.action-securite.com\/incendie\/calendrier-des-formations\/#breadcrumb"},"inLanguage":"fr-FR","potentialAction":[{"@type":"ReadAction","target":["https:\/\/www.action-securite.com\/incendie\/calendrier-des-formations\/"]}]},{"@type":"BreadcrumbList","@id":"https:\/\/www.action-securite.com\/incendie\/calendrier-des-formations\/#breadcrumb","itemListElement":[{"@type":"ListItem","position":1,"name":"Accueil","item":"https:\/\/www.action-securite.com\/incendie\/"},{"@type":"ListItem","position":2,"name":"Calendrier des formations"}]},{"@type":"WebSite","@id":"https:\/\/www.action-securite.com\/incendie\/#website","url":"https:\/\/www.action-securite.com\/incendie\/","name":"Action S\u00e9curit\u00e9 Incendie","description":"Centre de formation S\u00e9cutit\u00e9\/Pr\u00e9vention\/Incendie\/Electricit\u00e9 - Landes\/Angoum\u00e9","publisher":{"@id":"https:\/\/www.action-securite.com\/incendie\/#organization"},"potentialAction":[{"@type":"SearchAction","target":{"@type":"EntryPoint","urlTemplate":"https:\/\/www.action-securite.com\/incendie\/?s={search_term_string}"},"query-input":{"@type":"PropertyValueSpecification","valueRequired":true,"valueName":"search_term_string"}}],"inLanguage":"fr-FR"},{"@type":"Organization","@id":"https:\/\/www.action-securite.com\/incendie\/#organization","name":"Action S\u00e9curit\u00e9 Incendie","url":"https:\/\/www.action-securite.com\/incendie\/","logo":{"@type":"ImageObject","inLanguage":"fr-FR","@id":"https:\/\/www.action-securite.com\/incendie\/#\/schema\/logo\/image\/","url":"https:\/\/www.action-securite.com\/incendie\/wp-content\/uploads\/2021\/06\/logos-action-securite-incendie-footer.png","contentUrl":"https:\/\/www.action-securite.com\/incendie\/wp-content\/uploads\/2021\/06\/logos-action-securite-incendie-footer.png","width":365,"height":140,"caption":"Action S\u00e9curit\u00e9 Incendie"},"image":{"@id":"https:\/\/www.action-securite.com\/incendie\/#\/schema\/logo\/image\/"},"sameAs":["https:\/\/www.facebook.com\/ActionSecuriteIncendie"]}]}},"_links":{"self":[{"href":"https:\/\/www.action-securite.com\/incendie\/wp-json\/wp\/v2\/pages\/1004","targetHints":{"allow":["GET"]}}],"collection":[{"href":"https:\/\/www.action-securite.com\/incendie\/wp-json\/wp\/v2\/pages"}],"about":[{"href":"https:\/\/www.action-securite.com\/incendie\/wp-json\/wp\/v2\/types\/page"}],"author":[{"embeddable":true,"href":"https:\/\/www.action-securite.com\/incendie\/wp-json\/wp\/v2\/users\/1"}],"replies":[{"embeddable":true,"href":"https:\/\/www.action-securite.com\/incendie\/wp-json\/wp\/v2\/comments?post=1004"}],"version-history":[{"count":0,"href":"https:\/\/www.action-securite.com\/incendie\/wp-json\/wp\/v2\/pages\/1004\/revisions"}],"wp:attachment":[{"href":"https:\/\/www.action-securite.com\/incendie\/wp-json\/wp\/v2\/media?parent=1004"}],"curies":[{"name":"wp","href":"https:\/\/api.w.org\/{rel}","templated":true}]}}